{"id":5842,"date":"2021-04-15T10:10:55","date_gmt":"2021-04-15T10:10:55","guid":{"rendered":"https:\/\/macchina.vamtam.com\/?page_id=5842"},"modified":"2022-06-10T16:48:24","modified_gmt":"2022-06-10T16:48:24","slug":"appointment","status":"publish","type":"page","link":"https:\/\/dntperformance.ca\/fr\/appointment\/","title":{"rendered":"Appointment"},"content":{"rendered":"\t\t<div data-elementor-type=\"wp-page\" data-elementor-id=\"5842\" class=\"elementor elementor-5842\">\n\t\t\t\t\t\t<section class=\"elementor-section elementor-top-section elementor-element elementor-element-d022afd elementor-section-full_width elementor-section-height-default elementor-section-height-default\" data-id=\"d022afd\" data-element_type=\"section\" data-e-type=\"section\">\n\t\t\t\t\t\t<div class=\"elementor-container elementor-column-gap-no\">\n\t\t\t\t\t<div class=\"elementor-column elementor-col-50 elementor-top-column elementor-element elementor-element-60fcbfa elementor-hidden-phone\" data-id=\"60fcbfa\" data-element_type=\"column\" data-e-type=\"column\">\n\t\t\t<div class=\"elementor-widget-wrap\">\n\t\t\t\t\t\t\t<\/div>\n\t\t<\/div>\n\t\t\t\t<div class=\"elementor-column elementor-col-50 elementor-top-column elementor-element elementor-element-47d0c9e\" data-id=\"47d0c9e\" data-element_type=\"column\" data-e-type=\"column\" data-settings=\"{&quot;background_background&quot;:&quot;classic&quot;}\">\n\t\t\t<div class=\"elementor-widget-wrap elementor-element-populated\">\n\t\t\t\t\t\t<div class=\"elementor-element elementor-element-c7d6d9c elementor-widget elementor-widget-spacer\" data-id=\"c7d6d9c\" data-element_type=\"widget\" data-e-type=\"widget\" data-widget_type=\"spacer.default\">\n\t\t\t\t<div class=\"elementor-widget-container\">\n\t\t\t\t\t\t\t<div class=\"elementor-spacer\">\n\t\t\t<div class=\"elementor-spacer-inner\"><\/div>\n\t\t<\/div>\n\t\t\t\t\t\t<\/div>\n\t\t\t\t<\/div>\n\t\t\t\t\t<\/div>\n\t\t<\/div>\n\t\t\t\t\t<\/div>\n\t\t<\/section>\n\t\t\t\t<section class=\"elementor-section elementor-top-section elementor-element elementor-element-b49b406 elementor-section-height-min-height elementor-section-items-bottom elementor-section-content-bottom elementor-section-boxed elementor-section-height-default\" data-id=\"b49b406\" data-element_type=\"section\" data-e-type=\"section\">\n\t\t\t\t\t\t<div class=\"elementor-container elementor-column-gap-no\">\n\t\t\t\t\t<div class=\"elementor-column elementor-col-50 elementor-top-column elementor-element elementor-element-bbee8e9\" data-id=\"bbee8e9\" data-element_type=\"column\" data-e-type=\"column\" data-settings=\"{&quot;background_background&quot;:&quot;classic&quot;}\">\n\t\t\t<div class=\"elementor-widget-wrap elementor-element-populated\">\n\t\t\t\t\t\t<div class=\"elementor-element elementor-element-bf172d6 elementor-invisible elementor-widget elementor-widget-heading\" data-id=\"bf172d6\" data-element_type=\"widget\" data-e-type=\"widget\" data-settings=\"{&quot;_animation&quot;:&quot;fadeInUp&quot;,&quot;_animation_tablet&quot;:&quot;none&quot;,&quot;_animation_mobile&quot;:&quot;none&quot;}\" data-widget_type=\"heading.default\">\n\t\t\t\t<div class=\"elementor-widget-container\">\n\t\t\t\t\t<h6 class=\"elementor-heading-title elementor-size-default\">Schedule your appointment<\/h6>\t\t\t\t<\/div>\n\t\t\t\t<\/div>\n\t\t\t\t\t<\/div>\n\t\t<\/div>\n\t\t\t\t<div class=\"elementor-column elementor-col-50 elementor-top-column elementor-element elementor-element-5efd819 elementor-hidden-phone\" data-id=\"5efd819\" data-element_type=\"column\" data-e-type=\"column\">\n\t\t\t<div class=\"elementor-widget-wrap\">\n\t\t\t\t\t\t\t<\/div>\n\t\t<\/div>\n\t\t\t\t\t<\/div>\n\t\t<\/section>\n\t\t\t\t<section class=\"elementor-section elementor-top-section elementor-element elementor-element-1beb6cd elementor-section-boxed elementor-section-height-default elementor-section-height-default\" data-id=\"1beb6cd\" data-element_type=\"section\" data-e-type=\"section\" data-settings=\"{&quot;background_background&quot;:&quot;classic&quot;}\">\n\t\t\t\t\t\t<div class=\"elementor-container elementor-column-gap-no\">\n\t\t\t\t\t<div class=\"elementor-column elementor-col-100 elementor-top-column elementor-element elementor-element-2838e73\" data-id=\"2838e73\" data-element_type=\"column\" data-e-type=\"column\">\n\t\t\t<div class=\"elementor-widget-wrap elementor-element-populated\">\n\t\t\t\t\t\t<div class=\"vamtam-has-theme-widget-styles elementor-element elementor-element-1e15bfc elementor-button-align-start elementor-invisible elementor-widget elementor-widget-form\" data-id=\"1e15bfc\" data-element_type=\"widget\" data-e-type=\"widget\" data-settings=\"{&quot;step_next_label&quot;:&quot;Next&quot;,&quot;step_previous_label&quot;:&quot;Previous&quot;,&quot;button_width_tablet&quot;:&quot;25&quot;,&quot;_animation&quot;:&quot;fadeIn&quot;,&quot;_animation_delay&quot;:200,&quot;button_width&quot;:&quot;100&quot;,&quot;step_type&quot;:&quot;number_text&quot;,&quot;step_icon_shape&quot;:&quot;circle&quot;}\" data-widget_type=\"form.default\">\n\t\t\t\t<div class=\"elementor-widget-container\">\n\t\t\t\t\t\t\t<form class=\"elementor-form\" method=\"post\" name=\"New Form\">\n\t\t\t<input type=\"hidden\" name=\"post_id\" value=\"5842\"\/>\n\t\t\t<input type=\"hidden\" name=\"form_id\" value=\"1e15bfc\"\/>\n\t\t\t<input type=\"hidden\" name=\"referer_title\" value=\"DNT Performance Inc.\" \/>\n\n\t\t\t\n\t\t\t<div class=\"elementor-form-fields-wrapper elementor-labels-above\">\n\t\t\t\t\t\t\t\t<div class=\"elementor-field-type-html elementor-field-group elementor-column elementor-field-group-field_eca4fa2 elementor-col-100\">\n\t\t\t\t\t<div style=margin-bottom:-15px;\">Personal information<\/div>\n\t\t\t\t<\/div>\n\t\t\t\t\t\t\t\t<div class=\"elementor-field-type-text elementor-field-group elementor-column elementor-field-group-name elementor-col-33 elementor-sm-100 elementor-field-required\">\n\t\t\t\t\t\t\t\t\t\t\t\t\t<input size=\"1\" type=\"text\" name=\"form_fields[name]\" id=\"form-field-name\" class=\"elementor-field elementor-size-md  elementor-field-textual\" placeholder=\"Name\" required=\"required\" aria-required=\"true\">\n\t\t\t\t\t\t\t\t\t\t\t<\/div>\n\t\t\t\t\t\t\t\t<div class=\"elementor-field-type-tel elementor-field-group elementor-column elementor-field-group-field_b6a3b62 elementor-col-33 elementor-sm-100 elementor-field-required\">\n\t\t\t\t\t\t\t<input size=\"1\" type=\"tel\" name=\"form_fields[field_b6a3b62]\" id=\"form-field-field_b6a3b62\" class=\"elementor-field elementor-size-md  elementor-field-textual\" placeholder=\"Phone\" required=\"required\" aria-required=\"true\" pattern=\"[0-9()#&amp;+*-=.]+\" title=\"Seuls les caract\u00e8res de num\u00e9ros de t\u00e9l\u00e9phone (#, -, *, etc.) sont accept\u00e9s.\">\n\n\t\t\t\t\t\t<\/div>\n\t\t\t\t\t\t\t\t<div class=\"elementor-field-type-email elementor-field-group elementor-column elementor-field-group-email elementor-col-33 elementor-sm-100 elementor-field-required\">\n\t\t\t\t\t\t\t\t\t\t\t\t\t<input size=\"1\" type=\"email\" name=\"form_fields[email]\" id=\"form-field-email\" class=\"elementor-field elementor-size-md  elementor-field-textual\" placeholder=\"Email\" required=\"required\" aria-required=\"true\">\n\t\t\t\t\t\t\t\t\t\t\t<\/div>\n\t\t\t\t\t\t\t\t<div class=\"elementor-field-type-html elementor-field-group elementor-column elementor-field-group-field_cdaa1ff elementor-col-100\">\n\t\t\t\t\t<div style=\"margin-top:25px; margin-bottom: -15px;\">Vehicle information<\/div>\n\t\t\t\t<\/div>\n\t\t\t\t\t\t\t\t<div class=\"elementor-field-type-text elementor-field-group elementor-column elementor-field-group-field_4bdb296 elementor-col-33 elementor-sm-100 elementor-field-required\">\n\t\t\t\t\t\t\t\t\t\t\t\t\t<input size=\"1\" type=\"text\" name=\"form_fields[field_4bdb296]\" id=\"form-field-field_4bdb296\" class=\"elementor-field elementor-size-md  elementor-field-textual\" placeholder=\"Make\" required=\"required\" aria-required=\"true\">\n\t\t\t\t\t\t\t\t\t\t\t<\/div>\n\t\t\t\t\t\t\t\t<div class=\"elementor-field-type-text elementor-field-group elementor-column elementor-field-group-field_158d031 elementor-col-33 elementor-sm-100 elementor-field-required\">\n\t\t\t\t\t\t\t\t\t\t\t\t\t<input size=\"1\" type=\"text\" name=\"form_fields[field_158d031]\" id=\"form-field-field_158d031\" class=\"elementor-field elementor-size-md  elementor-field-textual\" placeholder=\"Model\" required=\"required\" aria-required=\"true\">\n\t\t\t\t\t\t\t\t\t\t\t<\/div>\n\t\t\t\t\t\t\t\t<div class=\"elementor-field-type-text elementor-field-group elementor-column elementor-field-group-field_24084d4 elementor-col-33 elementor-sm-100 elementor-field-required\">\n\t\t\t\t\t\t\t\t\t\t\t\t\t<input size=\"1\" type=\"text\" name=\"form_fields[field_24084d4]\" id=\"form-field-field_24084d4\" class=\"elementor-field elementor-size-md  elementor-field-textual\" placeholder=\"Year\" required=\"required\" aria-required=\"true\">\n\t\t\t\t\t\t\t\t\t\t\t<\/div>\n\t\t\t\t\t\t\t\t<div class=\"elementor-field-type-text elementor-field-group elementor-column elementor-field-group-field_bbc2642 elementor-col-33 elementor-sm-100 elementor-field-required\">\n\t\t\t\t\t\t\t\t\t\t\t\t\t<input size=\"1\" type=\"text\" name=\"form_fields[field_bbc2642]\" id=\"form-field-field_bbc2642\" class=\"elementor-field elementor-size-md  elementor-field-textual\" placeholder=\"Type\" required=\"required\" aria-required=\"true\">\n\t\t\t\t\t\t\t\t\t\t\t<\/div>\n\t\t\t\t\t\t\t\t<div class=\"elementor-field-type-text elementor-field-group elementor-column elementor-field-group-field_326c9fe elementor-col-33 elementor-sm-100 elementor-field-required\">\n\t\t\t\t\t\t\t\t\t\t\t\t\t<input size=\"1\" type=\"text\" name=\"form_fields[field_326c9fe]\" id=\"form-field-field_326c9fe\" class=\"elementor-field elementor-size-md  elementor-field-textual\" placeholder=\"Engine Type\" required=\"required\" aria-required=\"true\">\n\t\t\t\t\t\t\t\t\t\t\t<\/div>\n\t\t\t\t\t\t\t\t<div class=\"elementor-field-type-text elementor-field-group elementor-column elementor-field-group-field_171bced elementor-col-33 elementor-sm-100 elementor-field-required\">\n\t\t\t\t\t\t\t\t\t\t\t\t\t<input size=\"1\" type=\"text\" name=\"form_fields[field_171bced]\" id=\"form-field-field_171bced\" class=\"elementor-field elementor-size-md  elementor-field-textual\" placeholder=\"Transmission\" required=\"required\" aria-required=\"true\">\n\t\t\t\t\t\t\t\t\t\t\t<\/div>\n\t\t\t\t\t\t\t\t<div class=\"elementor-field-type-upload elementor-field-group elementor-column elementor-field-group-field_abb39fe elementor-col-100 elementor-sm-100\">\n\t\t\t\t\t\t\t\t\t\t\t\t<label for=\"form-field-field_abb39fe\" class=\"elementor-field-label\">\n\t\t\t\t\t\t\t\tAttach photo or video\t\t\t\t\t\t\t<\/label>\n\t\t\t\t\t\t\t\t<input type=\"file\" name=\"form_fields[field_abb39fe]\" id=\"form-field-field_abb39fe\" class=\"elementor-field elementor-size-md  elementor-upload-field\">\n\n\t\t\t\t\t\t<\/div>\n\t\t\t\t\t\t\t\t<div class=\"elementor-field-type-textarea elementor-field-group elementor-column elementor-field-group-message elementor-col-100 elementor-sm-100 elementor-field-required\">\n\t\t\t\t\t<textarea class=\"elementor-field-textual elementor-field  elementor-size-md\" name=\"form_fields[message]\" id=\"form-field-message\" rows=\"1\" placeholder=\"Case description\" required=\"required\" aria-required=\"true\"><\/textarea>\t\t\t\t<\/div>\n\t\t\t\t\t\t\t\t<div class=\"elementor-field-type-html elementor-field-group elementor-column elementor-field-group-field_d638111 elementor-col-100\">\n\t\t\t\t\t<div style=\"margin-top:25px; margin-bottom: -15px;\">CHOOSE DATE AND TIME<\/div>\n\t\t\t\t<\/div>\n\t\t\t\t\t\t\t\t<div class=\"elementor-field-type-date elementor-field-group elementor-column elementor-field-group-field_819dd8a elementor-col-50 elementor-sm-100 elementor-field-required\">\n\t\t\t\t\t\n\t\t<input type=\"date\" name=\"form_fields[field_819dd8a]\" id=\"form-field-field_819dd8a\" class=\"elementor-field elementor-size-md  elementor-field-textual elementor-date-field\" placeholder=\"Select date\" required=\"required\" aria-required=\"true\" pattern=\"[0-9]{4}-[0-9]{2}-[0-9]{2}\">\n\t\t\t\t\t\t<\/div>\n\t\t\t\t\t\t\t\t<div class=\"elementor-field-type-select elementor-field-group elementor-column elementor-field-group-field_71e7521 elementor-col-50 elementor-sm-100 elementor-field-required\">\n\t\t\t\t\t\t\t<div class=\"elementor-field elementor-select-wrapper remove-before \">\n\t\t\t<div class=\"select-caret-down-wrapper\">\n\t\t\t\t<i aria-hidden=\"true\" class=\"eicon-caret-down\"><\/i>\t\t\t<\/div>\n\t\t\t<select name=\"form_fields[field_71e7521]\" id=\"form-field-field_71e7521\" class=\"elementor-field-textual elementor-size-md\" required=\"required\" aria-required=\"true\">\n\t\t\t\t\t\t\t\t\t<option value=\"Select time\">Select time<\/option>\n\t\t\t\t\t\t\t\t\t<option value=\"09:00\">09:00<\/option>\n\t\t\t\t\t\t\t\t\t<option value=\"10:00\">10:00<\/option>\n\t\t\t\t\t\t\t\t\t<option value=\"11:00\">11:00<\/option>\n\t\t\t\t\t\t\t\t\t<option value=\"12:00\">12:00<\/option>\n\t\t\t\t\t\t\t\t\t<option value=\"01:00\">01:00<\/option>\n\t\t\t\t\t\t\t\t\t<option value=\"01:00\">01:00<\/option>\n\t\t\t\t\t\t\t\t\t<option value=\"02:00\">02:00<\/option>\n\t\t\t\t\t\t\t\t\t<option value=\"03:00\">03:00<\/option>\n\t\t\t\t\t\t\t\t\t<option value=\"04:00\">04:00<\/option>\n\t\t\t\t\t\t\t\t\t<option value=\"05:00\">05:00<\/option>\n\t\t\t\t\t\t\t<\/select>\n\t\t<\/div>\n\t\t\t\t\t\t<\/div>\n\t\t\t\t\t\t\t\t<div class=\"elementor-field-type-html elementor-field-group elementor-column elementor-field-group-field_390312a elementor-col-100\">\n\t\t\t\t\t<div style=\"margin-top:25px; margin-bottom: -15px;\">SPECIAL OFFERS\n<\/div>\n\t\t\t\t<\/div>\n\t\t\t\t\t\t\t\t<div class=\"elementor-field-type-select elementor-field-group elementor-column elementor-field-group-field_7af6573 elementor-col-50 elementor-sm-100 elementor-field-required\">\n\t\t\t\t\t\t\t<div class=\"elementor-field elementor-select-wrapper remove-before \">\n\t\t\t<div class=\"select-caret-down-wrapper\">\n\t\t\t\t<i aria-hidden=\"true\" class=\"eicon-caret-down\"><\/i>\t\t\t<\/div>\n\t\t\t<select name=\"form_fields[field_7af6573]\" id=\"form-field-field_7af6573\" class=\"elementor-field-textual elementor-size-md\" required=\"required\" aria-required=\"true\">\n\t\t\t\t\t\t\t\t\t<option value=\"Select special offers\">Select special offers<\/option>\n\t\t\t\t\t\t\t\t\t<option value=\"Full Synthetic Oil Change\">Full Synthetic Oil Change<\/option>\n\t\t\t\t\t\t\t\t\t<option value=\"Complete Vehicle Inspection\">Complete Vehicle Inspection<\/option>\n\t\t\t\t\t\t\t\t\t<option value=\"Brake Service\">Brake Service<\/option>\n\t\t\t\t\t\t\t\t\t<option value=\"Car Care Package\">Car Care Package<\/option>\n\t\t\t\t\t\t\t\t\t<option value=\"Travel Special\">Travel Special<\/option>\n\t\t\t\t\t\t\t\t\t<option value=\"10$ off Any Repair or Service\">10$ off Any Repair or Service<\/option>\n\t\t\t\t\t\t\t<\/select>\n\t\t<\/div>\n\t\t\t\t\t\t<\/div>\n\t\t\t\t\t\t\t\t<div class=\"elementor-field-type-html elementor-field-group elementor-column elementor-field-group-field_e4e4162 elementor-col-100\">\n\t\t\t\t\t<div style=\"background-color: #2E2D2D; padding: 16px 25px;\">\n            <i aria-hidden=\"true\" class=\"fas fa-exclamation-circle\" style=\"color: #DB2411\"><\/i>\n            <p style=\"display: inline; margin-top:25px; margin-bottom: -15px; font-size:16px; line-height:1.5; letter-spacing:0; text-transform: initial; font-weight: normal; color:#ffffffb3;\">Please note that the date and time you requested may not be available. We will contact you to confirm your actual appointment details.<\/p>\n        <\/div>\t\t\t\t<\/div>\n\t\t\t\t\t\t\t\t<div class=\"elementor-field-group elementor-column elementor-field-type-submit elementor-col-100 e-form__buttons elementor-md-25\">\n\t\t\t\t\t<button type=\"submit\" class=\"elementor-button elementor-size-md\">\n\t\t\t\t\t\t<span >\n\t\t\t\t\t\t\t\t\t\t\t\t\t\t\t<span class=\"elementor-align-icon-right elementor-button-icon\">\n\t\t\t\t\t\t\t\t\t<i aria-hidden=\"true\" class=\"vamtamtheme- vamtam-theme-arrow-left\"><\/i>\t\t\t\t\t\t\t\t\t\t\t\t\t\t\t\t\t<\/span>\n\t\t\t\t\t\t\t\t\t\t\t\t\t\t\t\t\t\t\t\t\t\t<span class=\"elementor-button-text\">Send<\/span>\n\t\t\t\t\t\t\t\t\t\t\t\t\t<\/span>\n\t\t\t\t\t<\/button>\n\t\t\t\t<\/div>\n\t\t\t<\/div>\n\t\t<\/form>\n\t\t\t\t\t\t<\/div>\n\t\t\t\t<\/div>\n\t\t\t\t\t<\/div>\n\t\t<\/div>\n\t\t\t\t\t<\/div>\n\t\t<\/section>\n\t\t\t\t<\/div>\n\t\t","protected":false},"excerpt":{"rendered":"<p>Schedule your appointment<\/p>","protected":false},"author":1,"featured_media":0,"parent":0,"menu_order":0,"comment_status":"closed","ping_status":"closed","template":"","meta":{"_coblocks_attr":"","_coblocks_dimensions":"","_coblocks_responsive_height":"","_coblocks_accordion_ie_support":"","inline_featured_image":false,"footnotes":""},"class_list":["post-5842","page","type-page","status-publish","hentry"],"yoast_head":"<!-- This site is optimized with the Yoast SEO Premium plugin v19.3 (Yoast SEO v27.4) - https:\/\/yoast.com\/product\/yoast-seo-premium-wordpress\/ -->\n<title>Appointment | DNT Performance Inc.<\/title>\n<meta name=\"robots\" content=\"index, follow, max-snippet:-1, max-image-preview:large, max-video-preview:-1\" \/>\n<link rel=\"canonical\" href=\"https:\/\/dntperformance.ca\/fr\/appointment\/\" \/>\n<meta property=\"og:locale\" content=\"fr_CA\" \/>\n<meta property=\"og:type\" content=\"article\" \/>\n<meta property=\"og:title\" content=\"Appointment\" \/>\n<meta property=\"og:description\" content=\"Schedule your appointment\" \/>\n<meta property=\"og:url\" content=\"https:\/\/dntperformance.ca\/fr\/appointment\/\" \/>\n<meta property=\"og:site_name\" content=\"DNT Performance Inc.\" \/>\n<meta property=\"article:publisher\" content=\"https:\/\/www.facebook.com\/DntPerformanceInc034\" \/>\n<meta property=\"article:modified_time\" content=\"2022-06-10T16:48:24+00:00\" \/>\n<meta property=\"og:image\" content=\"https:\/\/dntperformance.ca\/wp-content\/uploads\/2022\/06\/DNT-tuning-garage-automobile-laval-034-motorsport-scaled.jpg\" \/>\n\t<meta property=\"og:image:width\" content=\"2560\" \/>\n\t<meta property=\"og:image:height\" content=\"945\" \/>\n\t<meta property=\"og:image:type\" content=\"image\/jpeg\" \/>\n<meta name=\"twitter:card\" content=\"summary_large_image\" \/>\n<meta name=\"twitter:label1\" content=\"Estimation du temps de lecture\" \/>\n\t<meta name=\"twitter:data1\" content=\"1 minute\" \/>\n<script type=\"application\/ld+json\" class=\"yoast-schema-graph\">{\"@context\":\"https:\\\/\\\/schema.org\",\"@graph\":[{\"@type\":\"WebPage\",\"@id\":\"https:\\\/\\\/dntperformance.ca\\\/appointment\\\/\",\"url\":\"https:\\\/\\\/dntperformance.ca\\\/appointment\\\/\",\"name\":\"Appointment | DNT Performance Inc.\",\"isPartOf\":{\"@id\":\"https:\\\/\\\/dntperformance.ca\\\/fr\\\/#website\"},\"datePublished\":\"2021-04-15T10:10:55+00:00\",\"dateModified\":\"2022-06-10T16:48:24+00:00\",\"breadcrumb\":{\"@id\":\"https:\\\/\\\/dntperformance.ca\\\/appointment\\\/#breadcrumb\"},\"inLanguage\":\"fr-CA\",\"potentialAction\":[{\"@type\":\"ReadAction\",\"target\":[\"https:\\\/\\\/dntperformance.ca\\\/appointment\\\/\"]}]},{\"@type\":\"BreadcrumbList\",\"@id\":\"https:\\\/\\\/dntperformance.ca\\\/appointment\\\/#breadcrumb\",\"itemListElement\":[{\"@type\":\"ListItem\",\"position\":1,\"name\":\"Home\",\"item\":\"https:\\\/\\\/dntperformance.ca\\\/fr\\\/\"},{\"@type\":\"ListItem\",\"position\":2,\"name\":\"Appointment\"}]},{\"@type\":\"WebSite\",\"@id\":\"https:\\\/\\\/dntperformance.ca\\\/fr\\\/#website\",\"url\":\"https:\\\/\\\/dntperformance.ca\\\/fr\\\/\",\"name\":\"DNT Performance Inc.\",\"description\":\"Garage Laval - Cheapest Audi Porsche Jaguar German Cars - Mecanique Laval\",\"publisher\":{\"@id\":\"https:\\\/\\\/dntperformance.ca\\\/fr\\\/#organization\"},\"potentialAction\":[{\"@type\":\"SearchAction\",\"target\":{\"@type\":\"EntryPoint\",\"urlTemplate\":\"https:\\\/\\\/dntperformance.ca\\\/fr\\\/?s={search_term_string}\"},\"query-input\":{\"@type\":\"PropertyValueSpecification\",\"valueRequired\":true,\"valueName\":\"search_term_string\"}}],\"inLanguage\":\"fr-CA\"},{\"@type\":[\"Organization\",\"Place\",\"AutoRepair\"],\"@id\":\"https:\\\/\\\/dntperformance.ca\\\/fr\\\/#organization\",\"name\":\"DNT Performance Inc.\",\"url\":\"https:\\\/\\\/dntperformance.ca\\\/fr\\\/\",\"logo\":{\"@id\":\"https:\\\/\\\/dntperformance.ca\\\/appointment\\\/#local-main-organization-logo\"},\"image\":{\"@id\":\"https:\\\/\\\/dntperformance.ca\\\/appointment\\\/#local-main-organization-logo\"},\"sameAs\":[\"https:\\\/\\\/www.facebook.com\\\/DntPerformanceInc034\",\"https:\\\/\\\/business.google.com\\\/edit\\\/l\\\/16233386307126527224\"],\"address\":{\"@id\":\"https:\\\/\\\/dntperformance.ca\\\/appointment\\\/#local-main-place-address\"},\"geo\":{\"@type\":\"GeoCoordinates\",\"latitude\":\"45.59104464252145\",\"longitude\":\"-73.71756770197204\"},\"telephone\":[\"(514) 759-1122\"],\"openingHoursSpecification\":[{\"@type\":\"OpeningHoursSpecification\",\"dayOfWeek\":[\"Monday\",\"Tuesday\",\"Wednesday\",\"Thursday\",\"Friday\",\"Saturday\",\"Sunday\"],\"opens\":\"08:30\",\"closes\":\"18:00\"}],\"email\":\"CONTACT@DNTPERFORMANCE.CA\",\"areaServed\":\"Laval\",\"priceRange\":\"$$\"},{\"@type\":\"PostalAddress\",\"@id\":\"https:\\\/\\\/dntperformance.ca\\\/appointment\\\/#local-main-place-address\",\"streetAddress\":\"41 Rue de la Station\",\"addressLocality\":\"Laval\",\"postalCode\":\"H7M 1P2\",\"addressRegion\":\"QC\",\"addressCountry\":\"CA\"},{\"@type\":\"ImageObject\",\"inLanguage\":\"fr-CA\",\"@id\":\"https:\\\/\\\/dntperformance.ca\\\/appointment\\\/#local-main-organization-logo\",\"url\":\"https:\\\/\\\/dntperformance.ca\\\/wp-content\\\/uploads\\\/2022\\\/03\\\/Asset-7.png\",\"contentUrl\":\"https:\\\/\\\/dntperformance.ca\\\/wp-content\\\/uploads\\\/2022\\\/03\\\/Asset-7.png\",\"width\":2490,\"height\":918,\"caption\":\"DNT Performance Inc.\"}]}<\/script>\n<meta name=\"geo.placename\" content=\"Laval\" \/>\n<meta name=\"geo.position\" content=\"45.59104464252145;-73.71756770197204\" \/>\n<meta name=\"geo.region\" content=\"Canada\" \/>\n<!-- \/ Yoast SEO Premium plugin. -->","yoast_head_json":{"title":"Appointment | DNT Performance Inc.","robots":{"index":"index","follow":"follow","max-snippet":"max-snippet:-1","max-image-preview":"max-image-preview:large","max-video-preview":"max-video-preview:-1"},"canonical":"https:\/\/dntperformance.ca\/fr\/appointment\/","og_locale":"fr_CA","og_type":"article","og_title":"Appointment","og_description":"Schedule your appointment","og_url":"https:\/\/dntperformance.ca\/fr\/appointment\/","og_site_name":"DNT Performance Inc.","article_publisher":"https:\/\/www.facebook.com\/DntPerformanceInc034","article_modified_time":"2022-06-10T16:48:24+00:00","og_image":[{"width":2560,"height":945,"url":"https:\/\/dntperformance.ca\/wp-content\/uploads\/2022\/06\/DNT-tuning-garage-automobile-laval-034-motorsport-scaled.jpg","type":"image\/jpeg"}],"twitter_card":"summary_large_image","twitter_misc":{"Estimation du temps de lecture":"1 minute"},"schema":{"@context":"https:\/\/schema.org","@graph":[{"@type":"WebPage","@id":"https:\/\/dntperformance.ca\/appointment\/","url":"https:\/\/dntperformance.ca\/appointment\/","name":"Appointment | DNT Performance Inc.","isPartOf":{"@id":"https:\/\/dntperformance.ca\/fr\/#website"},"datePublished":"2021-04-15T10:10:55+00:00","dateModified":"2022-06-10T16:48:24+00:00","breadcrumb":{"@id":"https:\/\/dntperformance.ca\/appointment\/#breadcrumb"},"inLanguage":"fr-CA","potentialAction":[{"@type":"ReadAction","target":["https:\/\/dntperformance.ca\/appointment\/"]}]},{"@type":"BreadcrumbList","@id":"https:\/\/dntperformance.ca\/appointment\/#breadcrumb","itemListElement":[{"@type":"ListItem","position":1,"name":"Home","item":"https:\/\/dntperformance.ca\/fr\/"},{"@type":"ListItem","position":2,"name":"Appointment"}]},{"@type":"WebSite","@id":"https:\/\/dntperformance.ca\/fr\/#website","url":"https:\/\/dntperformance.ca\/fr\/","name":"DNT Performance Inc.","description":"Garage Laval - Cheapest Audi Porsche Jaguar German Cars - Mecanique Laval","publisher":{"@id":"https:\/\/dntperformance.ca\/fr\/#organization"},"potentialAction":[{"@type":"SearchAction","target":{"@type":"EntryPoint","urlTemplate":"https:\/\/dntperformance.ca\/fr\/?s={search_term_string}"},"query-input":{"@type":"PropertyValueSpecification","valueRequired":true,"valueName":"search_term_string"}}],"inLanguage":"fr-CA"},{"@type":["Organization","Place","AutoRepair"],"@id":"https:\/\/dntperformance.ca\/fr\/#organization","name":"DNT Performance Inc.","url":"https:\/\/dntperformance.ca\/fr\/","logo":{"@id":"https:\/\/dntperformance.ca\/appointment\/#local-main-organization-logo"},"image":{"@id":"https:\/\/dntperformance.ca\/appointment\/#local-main-organization-logo"},"sameAs":["https:\/\/www.facebook.com\/DntPerformanceInc034","https:\/\/business.google.com\/edit\/l\/16233386307126527224"],"address":{"@id":"https:\/\/dntperformance.ca\/appointment\/#local-main-place-address"},"geo":{"@type":"GeoCoordinates","latitude":"45.59104464252145","longitude":"-73.71756770197204"},"telephone":["(514) 759-1122"],"openingHoursSpecification":[{"@type":"OpeningHoursSpecification","dayOfWeek":["Monday","Tuesday","Wednesday","Thursday","Friday","Saturday","Sunday"],"opens":"08:30","closes":"18:00"}],"email":"CONTACT@DNTPERFORMANCE.CA","areaServed":"Laval","priceRange":"$$"},{"@type":"PostalAddress","@id":"https:\/\/dntperformance.ca\/appointment\/#local-main-place-address","streetAddress":"41 Rue de la Station","addressLocality":"Laval","postalCode":"H7M 1P2","addressRegion":"QC","addressCountry":"CA"},{"@type":"ImageObject","inLanguage":"fr-CA","@id":"https:\/\/dntperformance.ca\/appointment\/#local-main-organization-logo","url":"https:\/\/dntperformance.ca\/wp-content\/uploads\/2022\/03\/Asset-7.png","contentUrl":"https:\/\/dntperformance.ca\/wp-content\/uploads\/2022\/03\/Asset-7.png","width":2490,"height":918,"caption":"DNT Performance Inc."}]},"geo.placename":"Laval","geo.position":{"lat":"45.59104464252145","long":"-73.71756770197204"},"geo.region":"Canada"},"_links":{"self":[{"href":"https:\/\/dntperformance.ca\/fr\/wp-json\/wp\/v2\/pages\/5842","targetHints":{"allow":["GET"]}}],"collection":[{"href":"https:\/\/dntperformance.ca\/fr\/wp-json\/wp\/v2\/pages"}],"about":[{"href":"https:\/\/dntperformance.ca\/fr\/wp-json\/wp\/v2\/types\/page"}],"author":[{"embeddable":true,"href":"https:\/\/dntperformance.ca\/fr\/wp-json\/wp\/v2\/users\/1"}],"replies":[{"embeddable":true,"href":"https:\/\/dntperformance.ca\/fr\/wp-json\/wp\/v2\/comments?post=5842"}],"version-history":[{"count":7,"href":"https:\/\/dntperformance.ca\/fr\/wp-json\/wp\/v2\/pages\/5842\/revisions"}],"predecessor-version":[{"id":988831,"href":"https:\/\/dntperformance.ca\/fr\/wp-json\/wp\/v2\/pages\/5842\/revisions\/988831"}],"wp:attachment":[{"href":"https:\/\/dntperformance.ca\/fr\/wp-json\/wp\/v2\/media?parent=5842"}],"curies":[{"name":"wp","href":"https:\/\/api.w.org\/{rel}","templated":true}]}}